{"id":28854,"date":"2024-11-10T14:11:34","date_gmt":"2024-11-10T17:11:34","guid":{"rendered":"https:\/\/frezo.eu\/brasil\/?page_id=28854"},"modified":"2024-11-12T18:26:54","modified_gmt":"2024-11-12T21:26:54","slug":"formularios","status":"publish","type":"page","link":"https:\/\/frezo.eu\/brasil\/formularios\/","title":{"rendered":"Obrigado pela mensagem"},"content":{"rendered":"","protected":false},"excerpt":{"rendered":"<p>Entraremos em contato com voc\u00ea o mais breve poss\u00edvel. Trabalhamos de segunda a sexta das 9h00 \u00e0s 17h00 (GMT -3)<\/p>\n","protected":false},"author":1,"featured_media":0,"parent":0,"menu_order":0,"comment_status":"closed","ping_status":"closed","template":"","meta":{"_et_pb_use_builder":"on","_et_pb_old_content":"","_et_gb_content_width":"","footnotes":""},"class_list":["post-28854","page","type-page","status-publish","hentry"],"aioseo_notices":[],"_links":{"self":[{"href":"https:\/\/frezo.eu\/brasil\/wp-json\/wp\/v2\/pages\/28854","targetHints":{"allow":["GET"]}}],"collection":[{"href":"https:\/\/frezo.eu\/brasil\/wp-json\/wp\/v2\/pages"}],"about":[{"href":"https:\/\/frezo.eu\/brasil\/wp-json\/wp\/v2\/types\/page"}],"author":[{"embeddable":true,"href":"https:\/\/frezo.eu\/brasil\/wp-json\/wp\/v2\/users\/1"}],"replies":[{"embeddable":true,"href":"https:\/\/frezo.eu\/brasil\/wp-json\/wp\/v2\/comments?post=28854"}],"version-history":[{"count":0,"href":"https:\/\/frezo.eu\/brasil\/wp-json\/wp\/v2\/pages\/28854\/revisions"}],"wp:attachment":[{"href":"https:\/\/frezo.eu\/brasil\/wp-json\/wp\/v2\/media?parent=28854"}],"curies":[{"name":"wp","href":"https:\/\/api.w.org\/{rel}","templated":true}]}}