{"id":28826,"date":"2024-11-10T14:01:59","date_gmt":"2024-11-10T17:01:59","guid":{"rendered":"https:\/\/frezo.eu\/brasil\/?page_id=28826"},"modified":"2024-11-21T03:42:14","modified_gmt":"2024-11-21T06:42:14","slug":"orcamentos-e-pedidos","status":"publish","type":"page","link":"https:\/\/frezo.eu\/brasil\/orcamentos-e-pedidos\/","title":{"rendered":"Or\u00e7amentos e Pedidos"},"content":{"rendered":"\n[et_pb_section fb_built=&#8221;1&#8243; _builder_version=&#8221;4.27.3&#8243; _module_preset=&#8221;default&#8221; global_colors_info=&#8221;{}&#8221; theme_builder_area=&#8221;post_content&#8221;][et_pb_row column_structure=&#8221;1_2,1_2&#8243; _builder_version=&#8221;4.27.3&#8243; _module_preset=&#8221;default&#8221; global_colors_info=&#8221;{}&#8221; theme_builder_area=&#8221;post_content&#8221;][et_pb_column type=&#8221;1_2&#8243; _builder_version=&#8221;4.27.3&#8243; _module_preset=&#8221;default&#8221; global_colors_info=&#8221;{}&#8221; theme_builder_area=&#8221;post_content&#8221;][et_pb_contact_form use_spam_service=&#8221;on&#8221; recaptcha_list=&#8221;Frezo|Frezo-0&#8243; email=&#8221;info@frezo.pl, contato@frezo.eu&#8221; custom_message=&#8221;FORM &#8211; frezo.eu\/brasil||et_pb_line_break_holder||Or\u00e7amentos e Pedidos||et_pb_line_break_holder||&#8212;&#8212;&#8212;&#8212;&#8212;&#8212;&#8212;&#8212;&#8212;&#8212;&#8212;&#8212;&#8211;||et_pb_line_break_holder||||et_pb_line_break_holder||Profile: %%profile%%||et_pb_line_break_holder||||et_pb_line_break_holder||Name: %%name%%||et_pb_line_break_holder||||et_pb_line_break_holder||Email: %%email%%||et_pb_line_break_holder||||et_pb_line_break_holder||Phone: %%phone%%||et_pb_line_break_holder||||et_pb_line_break_holder||City: %%city%%||et_pb_line_break_holder||||et_pb_line_break_holder||Website: %%www%%||et_pb_line_break_holder||||et_pb_line_break_holder||I am interested in: %%cooperation_1%%||et_pb_line_break_holder||||et_pb_line_break_holder||I am interested in: %%cooperation_2%%||et_pb_line_break_holder||||et_pb_line_break_holder||Message: %%message%%||et_pb_line_break_holder||||et_pb_line_break_holder||Privacy: %%accept%%&#8221; use_redirect=&#8221;on&#8221; redirect_url=&#8221;\/brasil\/formularios&#8221; submit_button_text=&#8221;Enviar&#8221; _builder_version=&#8221;4.27.3&#8243; _module_preset=&#8221;037641f0-6d49-4015-963d-60b7511d3cd6&#8243; hover_enabled=&#8221;0&#8243; global_colors_info=&#8221;{}&#8221; theme_builder_area=&#8221;post_content&#8221; sticky_enabled=&#8221;0&#8243;][et_pb_contact_field field_id=&#8221;profile&#8221; field_title=&#8221;Perfil&#8221; field_type=&#8221;select&#8221; select_options=&#8221;%91{%22value%22:%22Cliente%22,%22checked%22:0,%22dragID%22:-1},{%22value%22:%22Arquiteto%22,%22checked%22:0,%22dragID%22:0},{%22value%22:%22Showroom%22,%22checked%22:0,%22dragID%22:1},{%22value%22:%22Outros%22,%22checked%22:0,%22dragID%22:2}%93&#8243; fullwidth_field=&#8221;on&#8221; _builder_version=&#8221;4.27.3&#8243; _module_preset=&#8221;default&#8221; global_colors_info=&#8221;{}&#8221; theme_builder_area=&#8221;post_content&#8221;][\/et_pb_contact_field][et_pb_contact_field field_id=&#8221;name&#8221; field_title=&#8221;Nome&#8221; fullwidth_field=&#8221;on&#8221; _builder_version=&#8221;4.27.3&#8243; _module_preset=&#8221;default&#8221; global_colors_info=&#8221;{}&#8221; button_text_size__hover_enabled=&#8221;off&#8221; button_one_text_size__hover_enabled=&#8221;off&#8221; button_two_text_size__hover_enabled=&#8221;off&#8221; button_text_color__hover_enabled=&#8221;off&#8221; button_one_text_color__hover_enabled=&#8221;off&#8221; button_two_text_color__hover_enabled=&#8221;off&#8221; button_border_width__hover_enabled=&#8221;off&#8221; button_one_border_width__hover_enabled=&#8221;off&#8221; button_two_border_width__hover_enabled=&#8221;off&#8221; button_border_color__hover_enabled=&#8221;off&#8221; button_one_border_color__hover_enabled=&#8221;off&#8221; button_two_border_color__hover_enabled=&#8221;off&#8221; button_border_radius__hover_enabled=&#8221;off&#8221; button_one_border_radius__hover_enabled=&#8221;off&#8221; button_two_border_radius__hover_enabled=&#8221;off&#8221; button_letter_spacing__hover_enabled=&#8221;off&#8221; button_one_letter_spacing__hover_enabled=&#8221;off&#8221; button_two_letter_spacing__hover_enabled=&#8221;off&#8221; button_bg_color__hover_enabled=&#8221;off&#8221; button_one_bg_color__hover_enabled=&#8221;off&#8221; button_two_bg_color__hover_enabled=&#8221;off&#8221; theme_builder_area=&#8221;post_content&#8221;][\/et_pb_contact_field][et_pb_contact_field field_id=&#8221;email&#8221; field_title=&#8221;Email&#8221; field_type=&#8221;email&#8221; _builder_version=&#8221;4.27.3&#8243; _module_preset=&#8221;default&#8221; global_colors_info=&#8221;{}&#8221; button_text_size__hover_enabled=&#8221;off&#8221; button_one_text_size__hover_enabled=&#8221;off&#8221; button_two_text_size__hover_enabled=&#8221;off&#8221; button_text_color__hover_enabled=&#8221;off&#8221; button_one_text_color__hover_enabled=&#8221;off&#8221; button_two_text_color__hover_enabled=&#8221;off&#8221; button_border_width__hover_enabled=&#8221;off&#8221; button_one_border_width__hover_enabled=&#8221;off&#8221; button_two_border_width__hover_enabled=&#8221;off&#8221; button_border_color__hover_enabled=&#8221;off&#8221; button_one_border_color__hover_enabled=&#8221;off&#8221; button_two_border_color__hover_enabled=&#8221;off&#8221; button_border_radius__hover_enabled=&#8221;off&#8221; button_one_border_radius__hover_enabled=&#8221;off&#8221; button_two_border_radius__hover_enabled=&#8221;off&#8221; button_letter_spacing__hover_enabled=&#8221;off&#8221; button_one_letter_spacing__hover_enabled=&#8221;off&#8221; button_two_letter_spacing__hover_enabled=&#8221;off&#8221; button_bg_color__hover_enabled=&#8221;off&#8221; button_one_bg_color__hover_enabled=&#8221;off&#8221; button_two_bg_color__hover_enabled=&#8221;off&#8221; theme_builder_area=&#8221;post_content&#8221;][\/et_pb_contact_field][et_pb_contact_field field_id=&#8221;phone&#8221; field_title=&#8221;Telefone&#8221; required_mark=&#8221;off&#8221; _builder_version=&#8221;4.27.3&#8243; _module_preset=&#8221;default&#8221; global_colors_info=&#8221;{}&#8221; theme_builder_area=&#8221;post_content&#8221;][\/et_pb_contact_field][et_pb_contact_field field_id=&#8221;city&#8221; field_title=&#8221;Cidade&#8221; fullwidth_field=&#8221;on&#8221; conditional_logic=&#8221;on&#8221; conditional_logic_rules=&#8221;%91{%22field%22:%22profile%22,%22condition%22:%22is%22,%22value%22:%22Cliente%22},{%22field%22:%22profile%22,%22condition%22:%22is%22,%22value%22:%22Arquiteto%22},{%22field%22:%22profile%22,%22condition%22:%22is%22,%22value%22:%22Showroom%22}%93&#8243; _builder_version=&#8221;4.27.3&#8243; _module_preset=&#8221;default&#8221; global_colors_info=&#8221;{}&#8221; theme_builder_area=&#8221;post_content&#8221;][\/et_pb_contact_field][et_pb_contact_field field_id=&#8221;www&#8221; field_title=&#8221;Site da Internet&#8221; required_mark=&#8221;off&#8221; fullwidth_field=&#8221;on&#8221; conditional_logic=&#8221;on&#8221; conditional_logic_rules=&#8221;%91{%22field%22:%22profile%22,%22condition%22:%22is%22,%22value%22:%22Arquiteto%22},{%22field%22:%22profile%22,%22condition%22:%22is%22,%22value%22:%22Showroom%22}%93&#8243; _builder_version=&#8221;4.27.3&#8243; _module_preset=&#8221;default&#8221; global_colors_info=&#8221;{}&#8221; theme_builder_area=&#8221;post_content&#8221;][\/et_pb_contact_field][et_pb_contact_field field_id=&#8221;cooperation_2&#8243; field_title=&#8221;Estou interessado em:&#8221; field_type=&#8221;checkbox&#8221; checkbox_options=&#8221;%91{%22value%22:%22Coopera\u00e7\u00e3o%22,%22checked%22:0,%22dragID%22:-1},{%22value%22:%22Decora\u00e7\u00f5es de parede%22,%22checked%22:0,%22dragID%22:2},{%22value%22:%22Tecidos%22,%22checked%22:0,%22dragID%22:3},{%22value%22:%22Cer\u00e2mica Art\u00edstica%22,%22checked%22:0,%22dragID%22:4},{%22value%22:%22Outros t\u00f3picos%22,%22checked%22:0,%22dragID%22:5}%93&#8243; fullwidth_field=&#8221;on&#8221; conditional_logic=&#8221;on&#8221; conditional_logic_rules=&#8221;%91{%22field%22:%22profile%22,%22condition%22:%22is%22,%22value%22:%22Arquiteto%22},{%22field%22:%22profile%22,%22condition%22:%22is%22,%22value%22:%22Showroom%22}%93&#8243; _builder_version=&#8221;4.27.3&#8243; _module_preset=&#8221;default&#8221; global_colors_info=&#8221;{}&#8221; theme_builder_area=&#8221;post_content&#8221;][\/et_pb_contact_field][et_pb_contact_field field_id=&#8221;cooperation_1&#8243; field_title=&#8221;Estou interessado em:&#8221; field_type=&#8221;checkbox&#8221; checkbox_options=&#8221;%91{%22value%22:%22Decora\u00e7\u00f5es de parede%22,%22checked%22:0,%22dragID%22:-1},{%22value%22:%22Tecidos%22,%22checked%22:0,%22dragID%22:0},{%22value%22:%22Cer\u00e2mica Art\u00edstica%22,%22checked%22:0,%22dragID%22:1},{%22value%22:%22Outros t\u00f3picos%22,%22checked%22:0,%22dragID%22:2}%93&#8243; fullwidth_field=&#8221;on&#8221; conditional_logic=&#8221;on&#8221; conditional_logic_rules=&#8221;%91{%22field%22:%22profile%22,%22condition%22:%22is%22,%22value%22:%22Cliente%22},{%22field%22:%22profile%22,%22condition%22:%22is%22,%22value%22:%22Outros%22}%93&#8243; _builder_version=&#8221;4.27.3&#8243; _module_preset=&#8221;default&#8221; global_colors_info=&#8221;{}&#8221; theme_builder_area=&#8221;post_content&#8221;][\/et_pb_contact_field][et_pb_contact_field field_id=&#8221;Message&#8221; field_title=&#8221;Mensagem&#8221; field_type=&#8221;text&#8221; required_mark=&#8221;off&#8221; fullwidth_field=&#8221;on&#8221; _builder_version=&#8221;4.27.3&#8243; _module_preset=&#8221;default&#8221; global_colors_info=&#8221;{}&#8221; button_text_size__hover_enabled=&#8221;off&#8221; button_one_text_size__hover_enabled=&#8221;off&#8221; button_two_text_size__hover_enabled=&#8221;off&#8221; button_text_color__hover_enabled=&#8221;off&#8221; button_one_text_color__hover_enabled=&#8221;off&#8221; button_two_text_color__hover_enabled=&#8221;off&#8221; button_border_width__hover_enabled=&#8221;off&#8221; button_one_border_width__hover_enabled=&#8221;off&#8221; button_two_border_width__hover_enabled=&#8221;off&#8221; button_border_color__hover_enabled=&#8221;off&#8221; button_one_border_color__hover_enabled=&#8221;off&#8221; button_two_border_color__hover_enabled=&#8221;off&#8221; button_border_radius__hover_enabled=&#8221;off&#8221; button_one_border_radius__hover_enabled=&#8221;off&#8221; button_two_border_radius__hover_enabled=&#8221;off&#8221; button_letter_spacing__hover_enabled=&#8221;off&#8221; button_one_letter_spacing__hover_enabled=&#8221;off&#8221; button_two_letter_spacing__hover_enabled=&#8221;off&#8221; button_bg_color__hover_enabled=&#8221;off&#8221; button_one_bg_color__hover_enabled=&#8221;off&#8221; button_two_bg_color__hover_enabled=&#8221;off&#8221; theme_builder_area=&#8221;post_content&#8221;][\/et_pb_contact_field][et_pb_contact_field field_id=&#8221;accept&#8221; field_title=&#8221;Privacy&#8221; field_type=&#8221;radio&#8221; radio_options=&#8221;%91{%22value%22:%22Declaro que li e aceito os%22,%22checked%22:0,%22dragID%22:-1,%22link_url%22:%22\/brasil\/politica-de-privacidade%22,%22link_text%22:%22Pol\u00edtica de Privacidade%22}%93&#8243; _builder_version=&#8221;4.27.3&#8243; _module_preset=&#8221;default&#8221; global_colors_info=&#8221;{}&#8221; theme_builder_area=&#8221;post_content&#8221;][\/et_pb_contact_field][\/et_pb_contact_form][\/et_pb_column][et_pb_column type=&#8221;1_2&#8243; _builder_version=&#8221;4.27.3&#8243; _module_preset=&#8221;default&#8221; global_colors_info=&#8221;{}&#8221; theme_builder_area=&#8221;post_content&#8221;][et_pb_text _builder_version=&#8221;4.27.3&#8243; _module_preset=&#8221;2ed82418-fbcc-49b4-b2ea-b2aae2cf663a&#8221; global_colors_info=&#8221;{}&#8221; theme_builder_area=&#8221;post_content&#8221;]<h3>Clientes<\/h3>\n<p>Por favor, forne\u00e7a uma breve descri\u00e7\u00e3o de seu conceito, juntamente com os n\u00fameros de cat\u00e1logo ou nomes dos designs de seu interesse. Sugerimos tamb\u00e9m que indique as dimens\u00f5es das paredes nas quais as decora\u00e7\u00f5es ser\u00e3o aplicadas. Adicionalmente, recomendamos que fotografe o ambiente, pois essas imagens ser\u00e3o de grande valia para a elabora\u00e7\u00e3o da visualiza\u00e7\u00e3o. No momento em que entrarmos em contato para discutir os detalhes, solicitaremos o envio dessas informa\u00e7\u00f5es e materiais.<\/p>\n<p>&nbsp;<\/p>\n<h3>Arquitetos<\/h3>\n<p>Por favor, forne\u00e7a uma breve descri\u00e7\u00e3o de sua ideia e prepare os desenhos t\u00e9cnicos, bem como as visualiza\u00e7\u00f5es do ambiente, al\u00e9m de indicar os padr\u00f5es que gostaria de incorporar em seus projetos. Com base nessas informa\u00e7\u00f5es, criaremos designs exclusivos de decora\u00e7\u00e3o de paredes para seu cliente. Oferecemos condi\u00e7\u00f5es flex\u00edveis de colabora\u00e7\u00e3o e suporte em todas as etapas do processo, desde o conceito inicial at\u00e9 a instala\u00e7\u00e3o final.<\/p>\n<p>&nbsp;<\/p>\n<h3>Showroom<\/h3>\n<p>Por favor, forne\u00e7a uma breve descri\u00e7\u00e3o de seu conceito, juntamente com o link para o site do seu showroom, e prepare as dimens\u00f5es das paredes e as fotografias dos ambientes. Selecione os designs que gostaria de utilizar no interior de seus clientes. Caso tenha interesse em revender nossas decora\u00e7\u00f5es de parede, enviaremos as condi\u00e7\u00f5es de colabora\u00e7\u00e3o em nossa resposta. Al\u00e9m disso, oferecemos a possibilidade de adquirir nossos pap\u00e9is de parede para decorar seu showroom com condi\u00e7\u00f5es preferenciais, permitindo que voc\u00ea mostre aos seus clientes como nossos designs podem transformar um espa\u00e7o.<\/p>[\/et_pb_text][\/et_pb_column][\/et_pb_row][\/et_pb_section][et_pb_section fb_built=&#8221;1&#8243; _builder_version=&#8221;4.27.2&#8243; _module_preset=&#8221;default&#8221; global_colors_info=&#8221;{}&#8221; theme_builder_area=&#8221;post_content&#8221;][et_pb_row _builder_version=&#8221;4.27.2&#8243; _module_preset=&#8221;default&#8221; locked=&#8221;off&#8221; global_colors_info=&#8221;{}&#8221; theme_builder_area=&#8221;post_content&#8221;][et_pb_column type=&#8221;4_4&#8243; _builder_version=&#8221;4.27.2&#8243; _module_preset=&#8221;default&#8221; global_colors_info=&#8221;{}&#8221; theme_builder_area=&#8221;post_content&#8221;][et_pb_button button_url=&#8221;@ET-DC@eyJkeW5hbWljIjp0cnVlLCJjb250ZW50IjoicG9zdF9saW5rX3VybF9wYWdlIiwic2V0dGluZ3MiOnsicG9zdF9pZCI6IjI4ODA3In19@&#8221; button_text=&#8221;Produtos&#8221; _builder_version=&#8221;4.27.3&#8243; _dynamic_attributes=&#8221;button_url&#8221; _module_preset=&#8221;b6a7f9d8-79f1-464c-9b38-3fbef77e46c3&#8243; display_conditions=&#8221;W3siaWQiOiIyZDBiZDM2Ny05ZGViLTQxZmYtYTRmYy00YzM5NjA3YTc1NzkiLCJjb25kaXRpb24iOiJwYWdlIiwiY29uZGl0aW9uU2V0dGluZ3MiOnsiZGlzcGxheVJ1bGUiOiJpc05vdCIsImR5bmFtaWNQb3N0cyI6W3sibGFiZWwiOiJQcm9kdXRvcyIsInZhbHVlIjoiMjg4MDcifV0sInBvc3RUeXBlTGFiZWwiOiJQYWdlcyIsImFkbWluTGFiZWwiOiJQYWdlcyIsImVuYWJsZUNvbmRpdGlvbiI6Im9uIn0sIm9wZXJhdG9yIjoiT1IifV0=&#8221; global_colors_info=&#8221;{}&#8221; theme_builder_area=&#8221;post_content&#8221;][\/et_pb_button][et_pb_button button_url=&#8221;@ET-DC@eyJkeW5hbWljIjp0cnVlLCJjb250ZW50IjoicG9zdF9saW5rX3VybF9wYWdlIiwic2V0dGluZ3MiOnsicG9zdF9pZCI6IjI4NzkzIn19@&#8221; button_text=&#8221;\u00c1rea do Arquiteto&#8221; _builder_version=&#8221;4.27.3&#8243; _dynamic_attributes=&#8221;button_url&#8221; _module_preset=&#8221;b6a7f9d8-79f1-464c-9b38-3fbef77e46c3&#8243; display_conditions=&#8221;W3siaWQiOiIyZDBiZDM2Ny05ZGViLTQxZmYtYTRmYy00YzM5NjA3YTc1NzkiLCJjb25kaXRpb24iOiJwYWdlIiwiY29uZGl0aW9uU2V0dGluZ3MiOnsiZGlzcGxheVJ1bGUiOiJpcyIsImR5bmFtaWNQb3N0cyI6W3sibGFiZWwiOiJQcm9kdXRvcyIsInZhbHVlIjoiMjg4MDcifV0sInBvc3RUeXBlTGFiZWwiOiJQYWdlcyIsImFkbWluTGFiZWwiOiJQYWdlcyIsImVuYWJsZUNvbmRpdGlvbiI6Im9uIn0sIm9wZXJhdG9yIjoiT1IifV0=&#8221; global_colors_info=&#8221;{}&#8221; theme_builder_area=&#8221;post_content&#8221;][\/et_pb_button][et_pb_button button_url=&#8221;@ET-DC@eyJkeW5hbWljIjp0cnVlLCJjb250ZW50IjoicG9zdF9saW5rX3VybF9wYWdlIiwic2V0dGluZ3MiOnsicG9zdF9pZCI6IjI3ODUzIn19@&#8221; button_text=&#8221;Cole\u00e7\u00f5es&#8221; _builder_version=&#8221;4.27.3&#8243; _dynamic_attributes=&#8221;button_url&#8221; _module_preset=&#8221;8197ce1a-8827-423c-8a52-2f14e84db32f&#8221; display_conditions=&#8221;W10=&#8221; global_colors_info=&#8221;{}&#8221; theme_builder_area=&#8221;post_content&#8221;][\/et_pb_button][et_pb_divider show_divider=&#8221;off&#8221; _builder_version=&#8221;4.27.2&#8243; _module_preset=&#8221;default&#8221; global_colors_info=&#8221;{}&#8221; theme_builder_area=&#8221;post_content&#8221;][\/et_pb_divider][\/et_pb_column][\/et_pb_row][\/et_pb_section][et_pb_section fb_built=&#8221;1&#8243; _builder_version=&#8221;4.27.3&#8243; _module_preset=&#8221;2295b733-ce4a-4a52-b38f-98bc62b95ca7&#8243; background_image=&#8221;https:\/\/frezo.eu\/brasil\/wp-content\/uploads\/2024\/11\/FREZO_Papeis_de_parede_-artisticos_0504B-4.jpeg&#8221; global_colors_info=&#8221;{}&#8221; theme_builder_area=&#8221;post_content&#8221;][\/et_pb_section]\n","protected":false},"excerpt":{"rendered":"<p>Nossos produtos s\u00e3o feitos sob encomenda, com total dedica\u00e7\u00e3o e aten\u00e7\u00e3o a cada detalhe. Abordamos cada projeto de forma individual para garantir a mais alta qualidade e satisfa\u00e7\u00e3o de nossos clientes. Cada or\u00e7amento \u00e9 elaborado considerando as necessidades e expectativas espec\u00edficas do investidor e do arquiteto. Por favor, preencha o formul\u00e1rio abaixo. Entraremos em contato para discutir todos os detalhes e preparar uma estimativa de custo precisa para o pedido.<\/p>\n","protected":false},"author":1,"featured_media":30318,"parent":0,"menu_order":0,"comment_status":"closed","ping_status":"closed","template":"","meta":{"_et_pb_use_builder":"on","_et_pb_old_content":"","_et_gb_content_width":"","footnotes":""},"class_list":["post-28826","page","type-page","status-publish","has-post-thumbnail","hentry"],"aioseo_notices":[],"_links":{"self":[{"href":"https:\/\/frezo.eu\/brasil\/wp-json\/wp\/v2\/pages\/28826","targetHints":{"allow":["GET"]}}],"collection":[{"href":"https:\/\/frezo.eu\/brasil\/wp-json\/wp\/v2\/pages"}],"about":[{"href":"https:\/\/frezo.eu\/brasil\/wp-json\/wp\/v2\/types\/page"}],"author":[{"embeddable":true,"href":"https:\/\/frezo.eu\/brasil\/wp-json\/wp\/v2\/users\/1"}],"replies":[{"embeddable":true,"href":"https:\/\/frezo.eu\/brasil\/wp-json\/wp\/v2\/comments?post=28826"}],"version-history":[{"count":0,"href":"https:\/\/frezo.eu\/brasil\/wp-json\/wp\/v2\/pages\/28826\/revisions"}],"wp:featuredmedia":[{"embeddable":true,"href":"https:\/\/frezo.eu\/brasil\/wp-json\/wp\/v2\/media\/30318"}],"wp:attachment":[{"href":"https:\/\/frezo.eu\/brasil\/wp-json\/wp\/v2\/media?parent=28826"}],"curies":[{"name":"wp","href":"https:\/\/api.w.org\/{rel}","templated":true}]}}