{"id":28803,"date":"2024-11-10T13:52:09","date_gmt":"2024-11-10T16:52:09","guid":{"rendered":"https:\/\/frezo.eu\/brasil\/?page_id=28803"},"modified":"2025-10-22T04:32:27","modified_gmt":"2025-10-22T07:32:27","slug":"contato","status":"publish","type":"page","link":"https:\/\/frezo.eu\/brasil\/contato\/","title":{"rendered":"Contato"},"content":{"rendered":"<p>[et_pb_section fb_built=&#8221;1&#8243; _builder_version=&#8221;4.27.2&#8243; _module_preset=&#8221;_initial&#8221; global_colors_info=&#8221;{}&#8221; theme_builder_area=&#8221;post_content&#8221;][et_pb_row column_structure=&#8221;1_5,3_5,1_5&#8243; _builder_version=&#8221;4.27.2&#8243; _module_preset=&#8221;default&#8221; global_colors_info=&#8221;{}&#8221; theme_builder_area=&#8221;post_content&#8221;][et_pb_column type=&#8221;1_5&#8243; _builder_version=&#8221;4.27.2&#8243; _module_preset=&#8221;default&#8221; global_colors_info=&#8221;{}&#8221; theme_builder_area=&#8221;post_content&#8221;][\/et_pb_column][et_pb_column type=&#8221;3_5&#8243; _builder_version=&#8221;4.27.2&#8243; _module_preset=&#8221;default&#8221; global_colors_info=&#8221;{}&#8221; theme_builder_area=&#8221;post_content&#8221;][et_pb_divider show_divider=&#8221;off&#8221; _builder_version=&#8221;4.27.2&#8243; _module_preset=&#8221;default&#8221; custom_padding=&#8221;||34px|||&#8221; global_colors_info=&#8221;{}&#8221; theme_builder_area=&#8221;post_content&#8221;][\/et_pb_divider][et_pb_contact_form use_spam_service=&#8221;on&#8221; recaptcha_list=&#8221;Frezo|Frezo-0&#8243; email=&#8221;info@frezo.pl, contato@frezo.eu&#8221; custom_message=&#8221;FORM &#8211; frezo.eu\/brasil||et_pb_line_break_holder||Contato||et_pb_line_break_holder||&#8212;&#8212;&#8212;&#8212;&#8212;&#8212;&#8212;&#8212;&#8212;&#8212;&#8212;&#8212;&#8211;||et_pb_line_break_holder||||et_pb_line_break_holder||Profile: %%profile%%||et_pb_line_break_holder||||et_pb_line_break_holder||Name: %%name%%||et_pb_line_break_holder||||et_pb_line_break_holder||Email: %%email%%||et_pb_line_break_holder||||et_pb_line_break_holder||Phone: %%phone%%||et_pb_line_break_holder||||et_pb_line_break_holder||Country: %%country%%||et_pb_line_break_holder||||et_pb_line_break_holder||City: %%city%%||et_pb_line_break_holder||||et_pb_line_break_holder||Website: %%www%%||et_pb_line_break_holder||||et_pb_line_break_holder||I am interested in: %%cooperation_1%%||et_pb_line_break_holder||||et_pb_line_break_holder||I am interested in: %%cooperation_2%%||et_pb_line_break_holder||||et_pb_line_break_holder||Message: %%message%%||et_pb_line_break_holder||||et_pb_line_break_holder||Privacy: %%accept%%&#8221; use_redirect=&#8221;on&#8221; redirect_url=&#8221;\/brasil\/formularios&#8221; submit_button_text=&#8221;Enviar&#8221; _builder_version=&#8221;4.27.3&#8243; _module_preset=&#8221;037641f0-6d49-4015-963d-60b7511d3cd6&#8243; global_colors_info=&#8221;{}&#8221; theme_builder_area=&#8221;post_content&#8221;][et_pb_contact_field field_id=&#8221;profile&#8221; field_title=&#8221;Perfil&#8221; field_type=&#8221;select&#8221; select_options=&#8221;%91{%22value%22:%22Cliente%22,%22checked%22:0,%22dragID%22:-1},{%22value%22:%22Arquiteto%22,%22checked%22:0,%22dragID%22:0},{%22value%22:%22Showroom%22,%22checked%22:0,%22dragID%22:1},{%22value%22:%22Outros%22,%22checked%22:0,%22dragID%22:2}%93&#8243; fullwidth_field=&#8221;on&#8221; _builder_version=&#8221;4.27.3&#8243; _module_preset=&#8221;default&#8221; global_colors_info=&#8221;{}&#8221; theme_builder_area=&#8221;post_content&#8221;][\/et_pb_contact_field][et_pb_contact_field field_id=&#8221;name&#8221; field_title=&#8221;Nome&#8221; fullwidth_field=&#8221;on&#8221; _builder_version=&#8221;4.27.3&#8243; _module_preset=&#8221;default&#8221; global_colors_info=&#8221;{}&#8221; button_text_size__hover_enabled=&#8221;off&#8221; button_one_text_size__hover_enabled=&#8221;off&#8221; button_two_text_size__hover_enabled=&#8221;off&#8221; button_text_color__hover_enabled=&#8221;off&#8221; button_one_text_color__hover_enabled=&#8221;off&#8221; button_two_text_color__hover_enabled=&#8221;off&#8221; button_border_width__hover_enabled=&#8221;off&#8221; button_one_border_width__hover_enabled=&#8221;off&#8221; button_two_border_width__hover_enabled=&#8221;off&#8221; button_border_color__hover_enabled=&#8221;off&#8221; button_one_border_color__hover_enabled=&#8221;off&#8221; button_two_border_color__hover_enabled=&#8221;off&#8221; button_border_radius__hover_enabled=&#8221;off&#8221; button_one_border_radius__hover_enabled=&#8221;off&#8221; button_two_border_radius__hover_enabled=&#8221;off&#8221; button_letter_spacing__hover_enabled=&#8221;off&#8221; button_one_letter_spacing__hover_enabled=&#8221;off&#8221; button_two_letter_spacing__hover_enabled=&#8221;off&#8221; button_bg_color__hover_enabled=&#8221;off&#8221; button_one_bg_color__hover_enabled=&#8221;off&#8221; button_two_bg_color__hover_enabled=&#8221;off&#8221; theme_builder_area=&#8221;post_content&#8221;][\/et_pb_contact_field][et_pb_contact_field field_id=&#8221;email&#8221; field_title=&#8221;Email&#8221; field_type=&#8221;email&#8221; _builder_version=&#8221;4.27.3&#8243; _module_preset=&#8221;default&#8221; global_colors_info=&#8221;{}&#8221; button_text_size__hover_enabled=&#8221;off&#8221; button_one_text_size__hover_enabled=&#8221;off&#8221; button_two_text_size__hover_enabled=&#8221;off&#8221; button_text_color__hover_enabled=&#8221;off&#8221; button_one_text_color__hover_enabled=&#8221;off&#8221; button_two_text_color__hover_enabled=&#8221;off&#8221; button_border_width__hover_enabled=&#8221;off&#8221; button_one_border_width__hover_enabled=&#8221;off&#8221; button_two_border_width__hover_enabled=&#8221;off&#8221; button_border_color__hover_enabled=&#8221;off&#8221; button_one_border_color__hover_enabled=&#8221;off&#8221; button_two_border_color__hover_enabled=&#8221;off&#8221; button_border_radius__hover_enabled=&#8221;off&#8221; button_one_border_radius__hover_enabled=&#8221;off&#8221; button_two_border_radius__hover_enabled=&#8221;off&#8221; button_letter_spacing__hover_enabled=&#8221;off&#8221; button_one_letter_spacing__hover_enabled=&#8221;off&#8221; button_two_letter_spacing__hover_enabled=&#8221;off&#8221; button_bg_color__hover_enabled=&#8221;off&#8221; button_one_bg_color__hover_enabled=&#8221;off&#8221; button_two_bg_color__hover_enabled=&#8221;off&#8221; theme_builder_area=&#8221;post_content&#8221;][\/et_pb_contact_field][et_pb_contact_field field_id=&#8221;phone&#8221; field_title=&#8221;Telefone&#8221; required_mark=&#8221;off&#8221; _builder_version=&#8221;4.27.3&#8243; _module_preset=&#8221;default&#8221; global_colors_info=&#8221;{}&#8221; theme_builder_area=&#8221;post_content&#8221;][\/et_pb_contact_field][et_pb_contact_field field_id=&#8221;country&#8221; field_title=&#8221;Pa\u00eds&#8221; _builder_version=&#8221;4.27.3&#8243; _module_preset=&#8221;default&#8221; global_colors_info=&#8221;{}&#8221; theme_builder_area=&#8221;post_content&#8221;][\/et_pb_contact_field][et_pb_contact_field field_id=&#8221;city&#8221; field_title=&#8221;Cidade&#8221; _builder_version=&#8221;4.27.3&#8243; _module_preset=&#8221;default&#8221; global_colors_info=&#8221;{}&#8221; theme_builder_area=&#8221;post_content&#8221;][\/et_pb_contact_field][et_pb_contact_field field_id=&#8221;www&#8221; field_title=&#8221;Site&#8221; required_mark=&#8221;off&#8221; fullwidth_field=&#8221;on&#8221; _builder_version=&#8221;4.27.3&#8243; _module_preset=&#8221;default&#8221; global_colors_info=&#8221;{}&#8221; theme_builder_area=&#8221;post_content&#8221;][\/et_pb_contact_field][et_pb_contact_field field_id=&#8221;cooperation_2&#8243; field_title=&#8221;Estou interessado em:&#8221; field_type=&#8221;checkbox&#8221; checkbox_options=&#8221;%91{%22value%22:%22Coopera\u00e7\u00e3o%22,%22checked%22:0,%22dragID%22:-1},{%22value%22:%22Textura CAD%22,%22checked%22:0,%22dragID%22:0},{%22value%22:%22Amostras de papel de parede%22,%22checked%22:0,%22dragID%22:1},{%22value%22:%22Decora\u00e7\u00f5es de parede%22,%22checked%22:0,%22dragID%22:2},{%22value%22:%22Tecidos%22,%22checked%22:0,%22dragID%22:3},{%22value%22:%22Cer\u00e2mica Art\u00edstica%22,%22checked%22:0,%22dragID%22:4},{%22value%22:%22Outros t\u00f3picos%22,%22checked%22:0,%22dragID%22:5}%93&#8243; fullwidth_field=&#8221;on&#8221; conditional_logic=&#8221;on&#8221; conditional_logic_rules=&#8221;%91{%22field%22:%22profile%22,%22condition%22:%22is%22,%22value%22:%22Arquiteto%22},{%22field%22:%22profile%22,%22condition%22:%22is%22,%22value%22:%22Showroom%22}%93&#8243; _builder_version=&#8221;4.27.3&#8243; _module_preset=&#8221;default&#8221; global_colors_info=&#8221;{}&#8221; theme_builder_area=&#8221;post_content&#8221;][\/et_pb_contact_field][et_pb_contact_field field_id=&#8221;cooperation_1&#8243; field_title=&#8221;Estou interessado em:&#8221; field_type=&#8221;checkbox&#8221; checkbox_options=&#8221;%91{%22value%22:%22Decora\u00e7\u00f5es de parede%22,%22checked%22:0,%22dragID%22:-1},{%22value%22:%22Tecidos%22,%22checked%22:0,%22dragID%22:0},{%22value%22:%22Cer\u00e2mica Art\u00edstica%22,%22checked%22:0,%22dragID%22:1},{%22value%22:%22Outros t\u00f3picos%22,%22checked%22:0,%22dragID%22:2}%93&#8243; fullwidth_field=&#8221;on&#8221; conditional_logic=&#8221;on&#8221; conditional_logic_rules=&#8221;%91{%22field%22:%22profile%22,%22condition%22:%22is%22,%22value%22:%22Cliente%22}%93&#8243; _builder_version=&#8221;4.27.3&#8243; _module_preset=&#8221;default&#8221; global_colors_info=&#8221;{}&#8221; theme_builder_area=&#8221;post_content&#8221;][\/et_pb_contact_field][et_pb_contact_field field_id=&#8221;Message&#8221; field_title=&#8221;Mensagem&#8221; field_type=&#8221;text&#8221; required_mark=&#8221;off&#8221; fullwidth_field=&#8221;on&#8221; _builder_version=&#8221;4.27.3&#8243; _module_preset=&#8221;default&#8221; global_colors_info=&#8221;{}&#8221; button_text_size__hover_enabled=&#8221;off&#8221; button_one_text_size__hover_enabled=&#8221;off&#8221; button_two_text_size__hover_enabled=&#8221;off&#8221; button_text_color__hover_enabled=&#8221;off&#8221; button_one_text_color__hover_enabled=&#8221;off&#8221; button_two_text_color__hover_enabled=&#8221;off&#8221; button_border_width__hover_enabled=&#8221;off&#8221; button_one_border_width__hover_enabled=&#8221;off&#8221; button_two_border_width__hover_enabled=&#8221;off&#8221; button_border_color__hover_enabled=&#8221;off&#8221; button_one_border_color__hover_enabled=&#8221;off&#8221; button_two_border_color__hover_enabled=&#8221;off&#8221; button_border_radius__hover_enabled=&#8221;off&#8221; button_one_border_radius__hover_enabled=&#8221;off&#8221; button_two_border_radius__hover_enabled=&#8221;off&#8221; button_letter_spacing__hover_enabled=&#8221;off&#8221; button_one_letter_spacing__hover_enabled=&#8221;off&#8221; button_two_letter_spacing__hover_enabled=&#8221;off&#8221; button_bg_color__hover_enabled=&#8221;off&#8221; button_one_bg_color__hover_enabled=&#8221;off&#8221; button_two_bg_color__hover_enabled=&#8221;off&#8221; theme_builder_area=&#8221;post_content&#8221;][\/et_pb_contact_field][et_pb_contact_field field_id=&#8221;accept&#8221; field_title=&#8221;Privacy&#8221; field_type=&#8221;radio&#8221; radio_options=&#8221;%91{%22value%22:%22Declaro que li e aceito os%22,%22checked%22:0,%22dragID%22:-1,%22link_url%22:%22\/brasil\/politica-de-privacidade%22,%22link_text%22:%22Pol\u00edtica de Privacidade%22}%93&#8243; _builder_version=&#8221;4.27.3&#8243; _module_preset=&#8221;default&#8221; global_colors_info=&#8221;{}&#8221; theme_builder_area=&#8221;post_content&#8221;][\/et_pb_contact_field][\/et_pb_contact_form][\/et_pb_column][et_pb_column type=&#8221;1_5&#8243; _builder_version=&#8221;4.27.2&#8243; _module_preset=&#8221;default&#8221; global_colors_info=&#8221;{}&#8221; theme_builder_area=&#8221;post_content&#8221;][\/et_pb_column][\/et_pb_row][et_pb_row disabled_on=&#8221;on|on|off&#8221; _builder_version=&#8221;4.27.3&#8243; _module_preset=&#8221;default&#8221; global_colors_info=&#8221;{}&#8221; theme_builder_area=&#8221;post_content&#8221;][et_pb_column type=&#8221;4_4&#8243; _builder_version=&#8221;4.27.3&#8243; _module_preset=&#8221;default&#8221; global_colors_info=&#8221;{}&#8221; theme_builder_area=&#8221;post_content&#8221;][et_pb_divider show_divider=&#8221;off&#8221; _builder_version=&#8221;4.27.3&#8243; _module_preset=&#8221;default&#8221; global_colors_info=&#8221;{}&#8221; theme_builder_area=&#8221;post_content&#8221;][\/et_pb_divider][\/et_pb_column][\/et_pb_row][et_pb_row column_structure=&#8221;1_3,1_3,1_3&#8243; _builder_version=&#8221;4.27.2&#8243; _module_preset=&#8221;default&#8221; width=&#8221;877px&#8221; width_tablet=&#8221;877px&#8221; width_phone=&#8221;100%&#8221; width_last_edited=&#8221;on|phone&#8221; custom_padding=&#8221;70px||||false|false&#8221; global_colors_info=&#8221;{}&#8221; theme_builder_area=&#8221;post_content&#8221;][et_pb_column type=&#8221;1_3&#8243; _builder_version=&#8221;4.27.2&#8243; _module_preset=&#8221;default&#8221; global_colors_info=&#8221;{}&#8221; theme_builder_area=&#8221;post_content&#8221;][et_pb_icon font_icon=&#8221;&#xf0e0;||fa||900&#8243; icon_color=&#8221;#232323&#8243; icon_width=&#8221;49px&#8221; _builder_version=&#8221;4.27.3&#8243; _module_preset=&#8221;_initial&#8221; global_colors_info=&#8221;{}&#8221; theme_builder_area=&#8221;post_content&#8221;][\/et_pb_icon][et_pb_text _builder_version=&#8221;4.27.3&#8243; _module_preset=&#8221;2ed82418-fbcc-49b4-b2ea-b2aae2cf663a&#8221; header_2_text_align=&#8221;center&#8221; custom_margin=&#8221;||0px||false|false&#8221; custom_padding=&#8221;||||false|false&#8221; global_colors_info=&#8221;{}&#8221; theme_builder_area=&#8221;post_content&#8221;]<\/p>\n<h2>Email<\/h2>\n<p>[\/et_pb_text][et_pb_text _builder_version=&#8221;4.27.3&#8243; _module_preset=&#8221;default&#8221; text_font=&#8221;|700|||||||&#8221; text_text_color=&#8221;#232323&#8243; text_font_size=&#8221;17px&#8221; link_text_color=&#8221;#232323&#8243; text_orientation=&#8221;center&#8221; global_colors_info=&#8221;{}&#8221; theme_builder_area=&#8221;post_content&#8221;]<\/p>\n<p><a href=\"mailto:contato@frezo.eu\">contato@frezo.eu<\/a><\/p>\n<p>[\/et_pb_text][et_pb_divider show_divider=&#8221;off&#8221; _builder_version=&#8221;4.27.2&#8243; _module_preset=&#8221;default&#8221; global_colors_info=&#8221;{}&#8221; theme_builder_area=&#8221;post_content&#8221;][\/et_pb_divider][\/et_pb_column][et_pb_column type=&#8221;1_3&#8243; _builder_version=&#8221;4.27.2&#8243; _module_preset=&#8221;default&#8221; global_colors_info=&#8221;{}&#8221; theme_builder_area=&#8221;post_content&#8221;][et_pb_icon font_icon=&#8221;&#xf095;||fa||900&#8243; icon_color=&#8221;#232323&#8243; icon_width=&#8221;49px&#8221; _builder_version=&#8221;4.27.3&#8243; _module_preset=&#8221;_initial&#8221; global_colors_info=&#8221;{}&#8221; theme_builder_area=&#8221;post_content&#8221;][\/et_pb_icon][et_pb_text _builder_version=&#8221;4.27.3&#8243; _module_preset=&#8221;2ed82418-fbcc-49b4-b2ea-b2aae2cf663a&#8221; header_2_text_align=&#8221;center&#8221; custom_margin=&#8221;||0px||false|false&#8221; global_colors_info=&#8221;{}&#8221; theme_builder_area=&#8221;post_content&#8221;]<\/p>\n<h2>Telefone<\/h2>\n<p>[\/et_pb_text][et_pb_text _builder_version=&#8221;4.27.4&#8243; _module_preset=&#8221;default&#8221; text_font=&#8221;|700|||||||&#8221; text_text_color=&#8221;#232323&#8243; text_font_size=&#8221;17px&#8221; link_text_color=&#8221;#232323&#8243; text_orientation=&#8221;center&#8221; hover_enabled=&#8221;0&#8243; global_colors_info=&#8221;{}&#8221; theme_builder_area=&#8221;post_content&#8221; sticky_enabled=&#8221;0&#8243;]+55 (73) 991 807 394[\/et_pb_text][et_pb_divider show_divider=&#8221;off&#8221; _builder_version=&#8221;4.27.2&#8243; _module_preset=&#8221;default&#8221; global_colors_info=&#8221;{}&#8221; theme_builder_area=&#8221;post_content&#8221;][\/et_pb_divider][\/et_pb_column][et_pb_column type=&#8221;1_3&#8243; _builder_version=&#8221;4.27.2&#8243; _module_preset=&#8221;default&#8221; global_colors_info=&#8221;{}&#8221; theme_builder_area=&#8221;post_content&#8221;][et_pb_icon font_icon=&#8221;&#xf39f;||fa||400&#8243; icon_color=&#8221;#232323&#8243; icon_width=&#8221;49px&#8221; _builder_version=&#8221;4.27.3&#8243; _module_preset=&#8221;_initial&#8221; global_colors_info=&#8221;{}&#8221; theme_builder_area=&#8221;post_content&#8221;][\/et_pb_icon][et_pb_text _builder_version=&#8221;4.27.3&#8243; _module_preset=&#8221;2ed82418-fbcc-49b4-b2ea-b2aae2cf663a&#8221; header_2_text_align=&#8221;center&#8221; custom_margin=&#8221;||0px||false|false&#8221; global_colors_info=&#8221;{}&#8221; theme_builder_area=&#8221;post_content&#8221;]<\/p>\n<h2>Whats App<\/h2>\n<p>[\/et_pb_text][et_pb_text _builder_version=&#8221;4.27.4&#8243; _module_preset=&#8221;default&#8221; text_font=&#8221;|700|||||||&#8221; text_text_color=&#8221;#232323&#8243; text_font_size=&#8221;17px&#8221; link_text_color=&#8221;#232323&#8243; text_orientation=&#8221;center&#8221; hover_enabled=&#8221;0&#8243; global_colors_info=&#8221;{}&#8221; theme_builder_area=&#8221;post_content&#8221; sticky_enabled=&#8221;0&#8243;]<\/p>\n<p>+55 (73) 991 807 394<\/p>\n<p>[\/et_pb_text][et_pb_divider show_divider=&#8221;off&#8221; _builder_version=&#8221;4.27.2&#8243; _module_preset=&#8221;default&#8221; global_colors_info=&#8221;{}&#8221; theme_builder_area=&#8221;post_content&#8221;][\/et_pb_divider][\/et_pb_column][\/et_pb_row][et_pb_row _builder_version=&#8221;4.27.2&#8243; _module_preset=&#8221;default&#8221; custom_padding=&#8221;79px||0px|||&#8221; border_width_top=&#8221;1px&#8221; global_colors_info=&#8221;{}&#8221; theme_builder_area=&#8221;post_content&#8221;][et_pb_column type=&#8221;4_4&#8243; _builder_version=&#8221;4.27.2&#8243; _module_preset=&#8221;default&#8221; global_colors_info=&#8221;{}&#8221; theme_builder_area=&#8221;post_content&#8221;][et_pb_icon font_icon=&#8221;&#xf0c0;||fa||900&#8243; icon_color=&#8221;#232323&#8243; icon_width=&#8221;49px&#8221; _builder_version=&#8221;4.27.3&#8243; _module_preset=&#8221;_initial&#8221; global_colors_info=&#8221;{}&#8221; theme_builder_area=&#8221;post_content&#8221;][\/et_pb_icon][et_pb_text _builder_version=&#8221;4.27.3&#8243; _module_preset=&#8221;2ed82418-fbcc-49b4-b2ea-b2aae2cf663a&#8221; header_2_text_align=&#8221;center&#8221; global_colors_info=&#8221;{}&#8221; theme_builder_area=&#8221;post_content&#8221;]<\/p>\n<h2>Social Media<\/h2>\n<p>[\/et_pb_text][\/et_pb_column][\/et_pb_row][et_pb_row _builder_version=&#8221;4.27.2&#8243; _module_preset=&#8221;default&#8221; max_width=&#8221;200px&#8221; custom_padding=&#8221;||93px|||&#8221; global_colors_info=&#8221;{}&#8221; theme_builder_area=&#8221;post_content&#8221;][et_pb_column type=&#8221;4_4&#8243; _builder_version=&#8221;4.27.2&#8243; _module_preset=&#8221;default&#8221; global_colors_info=&#8221;{}&#8221; theme_builder_area=&#8221;post_content&#8221;][et_pb_icon font_icon=&#8221;&#xe0b4;||divi||400&#8243; icon_color=&#8221;#232323&#8243; icon_width=&#8221;49px&#8221; url=&#8221;#&#8221; url_new_window=&#8221;on&#8221; _builder_version=&#8221;4.27.3&#8243; _module_preset=&#8221;_initial&#8221; global_colors_info=&#8221;{}&#8221; theme_builder_area=&#8221;post_content&#8221;][\/et_pb_icon][et_pb_icon font_icon=&#8221;&#xe0b1;||divi||400&#8243; icon_color=&#8221;#232323&#8243; icon_width=&#8221;49px&#8221; url=&#8221;https:\/\/www.instagram.com\/frezobrasil&#8221; url_new_window=&#8221;on&#8221; _builder_version=&#8221;4.27.3&#8243; _module_preset=&#8221;_initial&#8221; positioning=&#8221;absolute&#8221; global_colors_info=&#8221;{}&#8221; theme_builder_area=&#8221;post_content&#8221;][\/et_pb_icon][et_pb_icon font_icon=&#8221;&#xf0d2;||fa||400&#8243; icon_color=&#8221;#232323&#8243; icon_width=&#8221;49px&#8221; url=&#8221;https:\/\/pinterest.com\/frezodecoration&#8221; url_new_window=&#8221;on&#8221; _builder_version=&#8221;4.27.3&#8243; _module_preset=&#8221;_initial&#8221; positioning=&#8221;absolute&#8221; position_origin_a=&#8221;top_right&#8221; global_colors_info=&#8221;{}&#8221; theme_builder_area=&#8221;post_content&#8221;][\/et_pb_icon][\/et_pb_column][\/et_pb_row][et_pb_row column_structure=&#8221;1_3,1_3,1_3&#8243; _builder_version=&#8221;4.27.2&#8243; _module_preset=&#8221;default&#8221; global_colors_info=&#8221;{}&#8221; theme_builder_area=&#8221;post_content&#8221;][et_pb_column type=&#8221;1_3&#8243; _builder_version=&#8221;4.27.2&#8243; _module_preset=&#8221;default&#8221; global_colors_info=&#8221;{}&#8221; theme_builder_area=&#8221;post_content&#8221;][\/et_pb_column][et_pb_column type=&#8221;1_3&#8243; _builder_version=&#8221;4.27.2&#8243; _module_preset=&#8221;default&#8221; global_colors_info=&#8221;{}&#8221; theme_builder_area=&#8221;post_content&#8221;][et_pb_text _builder_version=&#8221;4.27.4&#8243; _module_preset=&#8221;2ed82418-fbcc-49b4-b2ea-b2aae2cf663a&#8221; link_text_align=&#8221;center&#8221; header_2_text_align=&#8221;center&#8221; header_3_text_align=&#8221;center&#8221; text_orientation=&#8221;center&#8221; hover_enabled=&#8221;0&#8243; global_colors_info=&#8221;{}&#8221; theme_builder_area=&#8221;post_content&#8221; sticky_enabled=&#8221;0&#8243;]<\/p>\n<h2>Ellen Prince<\/h2>\n<p><strong><a href=\"mailto:contato@frezo.eu\">contato@frezo.eu<\/a><\/strong><br \/>\n<strong>+55 (73) 991 807 394<\/strong><\/p>\n<p>&nbsp;[\/et_pb_text][\/et_pb_column][et_pb_column type=&#8221;1_3&#8243; _builder_version=&#8221;4.27.2&#8243; _module_preset=&#8221;default&#8221; global_colors_info=&#8221;{}&#8221; theme_builder_area=&#8221;post_content&#8221;][\/et_pb_column][\/et_pb_row][\/et_pb_section]<\/p>\n","protected":false},"excerpt":{"rendered":"<p>Por favor, preencha o formul\u00e1rio abaixo ou envie uma mensagem para contato@frezo.eu Trabalhamos de segunda a sexta-feira, das 9h00 \u00e0s 17h00 (Hor\u00e1rio de Bras\u00edlia).<\/p>\n","protected":false},"author":1,"featured_media":0,"parent":0,"menu_order":0,"comment_status":"closed","ping_status":"closed","template":"","meta":{"_et_pb_use_builder":"on","_et_pb_old_content":"","_et_gb_content_width":"","footnotes":""},"class_list":["post-28803","page","type-page","status-publish","hentry"],"aioseo_notices":[],"_links":{"self":[{"href":"https:\/\/frezo.eu\/brasil\/wp-json\/wp\/v2\/pages\/28803","targetHints":{"allow":["GET"]}}],"collection":[{"href":"https:\/\/frezo.eu\/brasil\/wp-json\/wp\/v2\/pages"}],"about":[{"href":"https:\/\/frezo.eu\/brasil\/wp-json\/wp\/v2\/types\/page"}],"author":[{"embeddable":true,"href":"https:\/\/frezo.eu\/brasil\/wp-json\/wp\/v2\/users\/1"}],"replies":[{"embeddable":true,"href":"https:\/\/frezo.eu\/brasil\/wp-json\/wp\/v2\/comments?post=28803"}],"version-history":[{"count":2,"href":"https:\/\/frezo.eu\/brasil\/wp-json\/wp\/v2\/pages\/28803\/revisions"}],"predecessor-version":[{"id":31382,"href":"https:\/\/frezo.eu\/brasil\/wp-json\/wp\/v2\/pages\/28803\/revisions\/31382"}],"wp:attachment":[{"href":"https:\/\/frezo.eu\/brasil\/wp-json\/wp\/v2\/media?parent=28803"}],"curies":[{"name":"wp","href":"https:\/\/api.w.org\/{rel}","templated":true}]}}